{"id":7,"date":"2022-10-22T17:19:24","date_gmt":"2022-10-22T17:19:24","guid":{"rendered":"https:\/\/www.bokigroup.eu\/?page_id=7"},"modified":"2022-11-02T13:37:16","modified_gmt":"2022-11-02T13:37:16","slug":"homepage","status":"publish","type":"page","link":"https:\/\/www.bokigroup.eu\/","title":{"rendered":"Home page"},"content":{"rendered":"\t\t<div data-elementor-type=\"wp-post\" data-elementor-id=\"7\" class=\"elementor elementor-7\">\n\t\t\t\t\t\t<section class=\"elementor-section elementor-top-section elementor-element elementor-element-27c611d elementor-section-boxed elementor-section-height-default elementor-section-height-default\" data-id=\"27c611d\" data-element_type=\"section\" data-e-type=\"section\">\n\t\t\t\t\t\t<div class=\"elementor-container elementor-column-gap-default\">\n\t\t\t\t\t<div class=\"elementor-column elementor-col-100 elementor-top-column elementor-element elementor-element-adfa70b\" data-id=\"adfa70b\" data-element_type=\"column\" data-e-type=\"column\">\n\t\t\t<div class=\"elementor-widget-wrap elementor-element-populated\">\n\t\t\t\t\t\t<div class=\"elementor-element elementor-element-a9ad9cb elementor-widget elementor-widget-spacer\" data-id=\"a9ad9cb\" data-element_type=\"widget\" data-e-type=\"widget\" data-widget_type=\"spacer.default\">\n\t\t\t\t<div class=\"elementor-widget-container\">\n\t\t\t\t\t\t\t<div class=\"elementor-spacer\">\n\t\t\t<div class=\"elementor-spacer-inner\"><\/div>\n\t\t<\/div>\n\t\t\t\t\t\t<\/div>\n\t\t\t\t<\/div>\n\t\t\t\t\t<\/div>\n\t\t<\/div>\n\t\t\t\t\t<\/div>\n\t\t<\/section>\n\t\t\t\t<section class=\"elementor-section elementor-top-section elementor-element elementor-element-672d7d9 elementor-section-height-full elementor-section-content-top elementor-section-items-top elementor-section-boxed elementor-section-height-default\" data-id=\"672d7d9\" data-element_type=\"section\" data-e-type=\"section\">\n\t\t\t\t\t\t<div class=\"elementor-container elementor-column-gap-wider\">\n\t\t\t\t\t<div class=\"elementor-column elementor-col-33 elementor-top-column elementor-element elementor-element-9f4cbc2\" data-id=\"9f4cbc2\" data-element_type=\"column\" data-e-type=\"column\">\n\t\t\t<div class=\"elementor-widget-wrap elementor-element-populated\">\n\t\t\t\t\t\t<div class=\"elementor-element elementor-element-e38c9b1 elementor-invisible elementor-widget elementor-widget-image\" data-id=\"e38c9b1\" data-element_type=\"widget\" data-e-type=\"widget\" data-settings=\"{&quot;_animation&quot;:&quot;fadeIn&quot;}\" data-widget_type=\"image.default\">\n\t\t\t\t<div class=\"elementor-widget-container\">\n\t\t\t\t\t\t\t\t\t\t\t\t\t\t\t<img fetchpriority=\"high\" decoding=\"async\" width=\"800\" height=\"534\" src=\"https:\/\/www.bokigroup.eu\/wp-content\/uploads\/2022\/10\/markus-winkler-IrRbSND5EUc-unsplash-1024x683.jpg\" class=\"elementor-animation-hang attachment-large size-large wp-image-65\" alt=\"\" srcset=\"https:\/\/www.bokigroup.eu\/wp-content\/uploads\/2022\/10\/markus-winkler-IrRbSND5EUc-unsplash-1024x683.jpg 1024w, https:\/\/www.bokigroup.eu\/wp-content\/uploads\/2022\/10\/markus-winkler-IrRbSND5EUc-unsplash-300x200.jpg 300w, https:\/\/www.bokigroup.eu\/wp-content\/uploads\/2022\/10\/markus-winkler-IrRbSND5EUc-unsplash-768x512.jpg 768w, https:\/\/www.bokigroup.eu\/wp-content\/uploads\/2022\/10\/markus-winkler-IrRbSND5EUc-unsplash-1536x1024.jpg 1536w, https:\/\/www.bokigroup.eu\/wp-content\/uploads\/2022\/10\/markus-winkler-IrRbSND5EUc-unsplash.jpg 1920w\" sizes=\"(max-width: 800px) 100vw, 800px\" \/>\t\t\t\t\t\t\t\t\t\t\t\t\t\t\t<\/div>\n\t\t\t\t<\/div>\n\t\t\t\t<section class=\"elementor-section elementor-inner-section elementor-element elementor-element-ae845d1 elementor-section-boxed elementor-section-height-default elementor-section-height-default\" data-id=\"ae845d1\" data-element_type=\"section\" data-e-type=\"section\">\n\t\t\t\t\t\t<div class=\"elementor-container elementor-column-gap-default\">\n\t\t\t\t\t<div class=\"elementor-column elementor-col-100 elementor-inner-column elementor-element elementor-element-c24faa7\" data-id=\"c24faa7\" data-element_type=\"column\" data-e-type=\"column\">\n\t\t\t<div class=\"elementor-widget-wrap elementor-element-populated\">\n\t\t\t\t\t\t<div class=\"elementor-element elementor-element-7a5e79c elementor-widget elementor-widget-text-editor\" data-id=\"7a5e79c\" data-element_type=\"widget\" data-e-type=\"widget\" data-widget_type=\"text-editor.default\">\n\t\t\t\t<div class=\"elementor-widget-container\">\n\t\t\t\t\t\t\t\t\t<h2><span class=\"ContentPasted1 ContentPasted6 ContentPasted9\">BOKI TRADE spol. s r.o.<\/span><\/h2>\t\t\t\t\t\t\t\t<\/div>\n\t\t\t\t<\/div>\n\t\t\t\t\t<\/div>\n\t\t<\/div>\n\t\t\t\t\t<\/div>\n\t\t<\/section>\n\t\t\t\t<section class=\"elementor-section elementor-inner-section elementor-element elementor-element-1a38e13 elementor-section-boxed elementor-section-height-default elementor-section-height-default\" data-id=\"1a38e13\" data-element_type=\"section\" data-e-type=\"section\">\n\t\t\t\t\t\t<div class=\"elementor-container elementor-column-gap-default\">\n\t\t\t\t\t<div class=\"elementor-column elementor-col-100 elementor-inner-column elementor-element elementor-element-e421c4a\" data-id=\"e421c4a\" data-element_type=\"column\" data-e-type=\"column\">\n\t\t\t<div class=\"elementor-widget-wrap elementor-element-populated\">\n\t\t\t\t\t\t<div class=\"elementor-element elementor-element-df65238 elementor-widget elementor-widget-text-editor\" data-id=\"df65238\" data-element_type=\"widget\" data-e-type=\"widget\" data-widget_type=\"text-editor.default\">\n\t\t\t\t<div class=\"elementor-widget-container\">\n\t\t\t\t\t\t\t\t\t<h5><b>I\u010cO: 45792623<\/b><\/h5>\t\t\t\t\t\t\t\t<\/div>\n\t\t\t\t<\/div>\n\t\t\t\t\t<\/div>\n\t\t<\/div>\n\t\t\t\t\t<\/div>\n\t\t<\/section>\n\t\t\t\t<div class=\"elementor-element elementor-element-271c311 elementor-widget-divider--view-line elementor-widget elementor-widget-divider\" data-id=\"271c311\" data-element_type=\"widget\" data-e-type=\"widget\" data-widget_type=\"divider.default\">\n\t\t\t\t<div class=\"elementor-widget-container\">\n\t\t\t\t\t\t\t<div class=\"elementor-divider\">\n\t\t\t<span class=\"elementor-divider-separator\">\n\t\t\t\t\t\t<\/span>\n\t\t<\/div>\n\t\t\t\t\t\t<\/div>\n\t\t\t\t<\/div>\n\t\t\t\t\t<\/div>\n\t\t<\/div>\n\t\t\t\t<div class=\"elementor-column elementor-col-33 elementor-top-column elementor-element elementor-element-a179f3d\" data-id=\"a179f3d\" data-element_type=\"column\" data-e-type=\"column\">\n\t\t\t<div class=\"elementor-widget-wrap elementor-element-populated\">\n\t\t\t\t\t\t<div class=\"elementor-element elementor-element-3bfb939 elementor-invisible elementor-widget elementor-widget-image\" data-id=\"3bfb939\" data-element_type=\"widget\" data-e-type=\"widget\" data-settings=\"{&quot;_animation&quot;:&quot;fadeIn&quot;}\" data-widget_type=\"image.default\">\n\t\t\t\t<div class=\"elementor-widget-container\">\n\t\t\t\t\t\t\t\t\t\t\t\t\t\t\t<img decoding=\"async\" width=\"800\" height=\"600\" src=\"https:\/\/www.bokigroup.eu\/wp-content\/uploads\/2022\/10\/achudh-krishna-39mlECY8VkU-unsplash-1024x768.jpg\" class=\"elementor-animation-hang attachment-large size-large wp-image-60\" alt=\"\" srcset=\"https:\/\/www.bokigroup.eu\/wp-content\/uploads\/2022\/10\/achudh-krishna-39mlECY8VkU-unsplash-1024x768.jpg 1024w, https:\/\/www.bokigroup.eu\/wp-content\/uploads\/2022\/10\/achudh-krishna-39mlECY8VkU-unsplash-300x225.jpg 300w, https:\/\/www.bokigroup.eu\/wp-content\/uploads\/2022\/10\/achudh-krishna-39mlECY8VkU-unsplash-768x576.jpg 768w, https:\/\/www.bokigroup.eu\/wp-content\/uploads\/2022\/10\/achudh-krishna-39mlECY8VkU-unsplash-1536x1152.jpg 1536w, https:\/\/www.bokigroup.eu\/wp-content\/uploads\/2022\/10\/achudh-krishna-39mlECY8VkU-unsplash.jpg 1920w\" sizes=\"(max-width: 800px) 100vw, 800px\" \/>\t\t\t\t\t\t\t\t\t\t\t\t\t\t\t<\/div>\n\t\t\t\t<\/div>\n\t\t\t\t<section class=\"elementor-section elementor-inner-section elementor-element elementor-element-3403755 elementor-section-boxed elementor-section-height-default elementor-section-height-default\" data-id=\"3403755\" data-element_type=\"section\" data-e-type=\"section\">\n\t\t\t\t\t\t<div class=\"elementor-container elementor-column-gap-default\">\n\t\t\t\t\t<div class=\"elementor-column elementor-col-100 elementor-inner-column elementor-element elementor-element-cf0218f\" data-id=\"cf0218f\" data-element_type=\"column\" data-e-type=\"column\">\n\t\t\t<div class=\"elementor-widget-wrap elementor-element-populated\">\n\t\t\t\t\t\t<div class=\"elementor-element elementor-element-6b810ca elementor-widget elementor-widget-text-editor\" data-id=\"6b810ca\" data-element_type=\"widget\" data-e-type=\"widget\" data-widget_type=\"text-editor.default\">\n\t\t\t\t<div class=\"elementor-widget-container\">\n\t\t\t\t\t\t\t\t\t<h2>BOKI Energy s.r.o.<\/h2>\t\t\t\t\t\t\t\t<\/div>\n\t\t\t\t<\/div>\n\t\t\t\t\t<\/div>\n\t\t<\/div>\n\t\t\t\t\t<\/div>\n\t\t<\/section>\n\t\t\t\t<section class=\"elementor-section elementor-inner-section elementor-element elementor-element-90852cf elementor-section-boxed elementor-section-height-default elementor-section-height-default\" data-id=\"90852cf\" data-element_type=\"section\" data-e-type=\"section\">\n\t\t\t\t\t\t<div class=\"elementor-container elementor-column-gap-default\">\n\t\t\t\t\t<div class=\"elementor-column elementor-col-100 elementor-inner-column elementor-element elementor-element-fc74780\" data-id=\"fc74780\" data-element_type=\"column\" data-e-type=\"column\">\n\t\t\t<div class=\"elementor-widget-wrap elementor-element-populated\">\n\t\t\t\t\t\t<div class=\"elementor-element elementor-element-e764721 elementor-widget elementor-widget-text-editor\" data-id=\"e764721\" data-element_type=\"widget\" data-e-type=\"widget\" data-widget_type=\"text-editor.default\">\n\t\t\t\t<div class=\"elementor-widget-container\">\n\t\t\t\t\t\t\t\t\t<h5><b>I\u010cO: 26111799<\/b><\/h5>\t\t\t\t\t\t\t\t<\/div>\n\t\t\t\t<\/div>\n\t\t\t\t\t<\/div>\n\t\t<\/div>\n\t\t\t\t\t<\/div>\n\t\t<\/section>\n\t\t\t\t<div class=\"elementor-element elementor-element-b585878 elementor-widget-divider--view-line elementor-widget elementor-widget-divider\" data-id=\"b585878\" data-element_type=\"widget\" data-e-type=\"widget\" data-widget_type=\"divider.default\">\n\t\t\t\t<div class=\"elementor-widget-container\">\n\t\t\t\t\t\t\t<div class=\"elementor-divider\">\n\t\t\t<span class=\"elementor-divider-separator\">\n\t\t\t\t\t\t<\/span>\n\t\t<\/div>\n\t\t\t\t\t\t<\/div>\n\t\t\t\t<\/div>\n\t\t\t\t<section class=\"elementor-section elementor-inner-section elementor-element elementor-element-07f1525 elementor-section-boxed elementor-section-height-default elementor-section-height-default\" data-id=\"07f1525\" data-element_type=\"section\" data-e-type=\"section\">\n\t\t\t\t\t\t<div class=\"elementor-container elementor-column-gap-default\">\n\t\t\t\t\t<div class=\"elementor-column elementor-col-100 elementor-inner-column elementor-element elementor-element-3428f11\" data-id=\"3428f11\" data-element_type=\"column\" data-e-type=\"column\">\n\t\t\t<div class=\"elementor-widget-wrap elementor-element-populated\">\n\t\t\t\t\t\t<div class=\"elementor-element elementor-element-a75b95f elementor-widget elementor-widget-text-editor\" data-id=\"a75b95f\" data-element_type=\"widget\" data-e-type=\"widget\" data-widget_type=\"text-editor.default\">\n\t\t\t\t<div class=\"elementor-widget-container\">\n\t\t\t\t\t\t\t\t\t<p><b>info@bokigroup.eu<\/b><\/p><p>Mosteck\u00e1 47\/16<\/p><p>Mal\u00e1 Strana<\/p><p>118 00<\/p><p>Praha 1<\/p>\t\t\t\t\t\t\t\t<\/div>\n\t\t\t\t<\/div>\n\t\t\t\t\t<\/div>\n\t\t<\/div>\n\t\t\t\t\t<\/div>\n\t\t<\/section>\n\t\t\t\t\t<\/div>\n\t\t<\/div>\n\t\t\t\t<div class=\"elementor-column elementor-col-33 elementor-top-column elementor-element elementor-element-34f4e42\" data-id=\"34f4e42\" data-element_type=\"column\" data-e-type=\"column\">\n\t\t\t<div class=\"elementor-widget-wrap elementor-element-populated\">\n\t\t\t\t\t\t<div class=\"elementor-element elementor-element-0f6d097 elementor-invisible elementor-widget elementor-widget-image\" data-id=\"0f6d097\" data-element_type=\"widget\" data-e-type=\"widget\" data-settings=\"{&quot;_animation&quot;:&quot;fadeIn&quot;}\" data-widget_type=\"image.default\">\n\t\t\t\t<div class=\"elementor-widget-container\">\n\t\t\t\t\t\t\t\t\t\t\t\t\t\t\t<img decoding=\"async\" width=\"800\" height=\"534\" src=\"https:\/\/www.bokigroup.eu\/wp-content\/uploads\/2022\/10\/simon-kadula-8gr6bObQLOI-unsplash-1024x683.jpg\" class=\"elementor-animation-hang attachment-large size-large wp-image-66\" alt=\"\" srcset=\"https:\/\/www.bokigroup.eu\/wp-content\/uploads\/2022\/10\/simon-kadula-8gr6bObQLOI-unsplash-1024x683.jpg 1024w, https:\/\/www.bokigroup.eu\/wp-content\/uploads\/2022\/10\/simon-kadula-8gr6bObQLOI-unsplash-300x200.jpg 300w, https:\/\/www.bokigroup.eu\/wp-content\/uploads\/2022\/10\/simon-kadula-8gr6bObQLOI-unsplash-768x512.jpg 768w, https:\/\/www.bokigroup.eu\/wp-content\/uploads\/2022\/10\/simon-kadula-8gr6bObQLOI-unsplash-1536x1024.jpg 1536w, https:\/\/www.bokigroup.eu\/wp-content\/uploads\/2022\/10\/simon-kadula-8gr6bObQLOI-unsplash.jpg 1920w\" sizes=\"(max-width: 800px) 100vw, 800px\" \/>\t\t\t\t\t\t\t\t\t\t\t\t\t\t\t<\/div>\n\t\t\t\t<\/div>\n\t\t\t\t<section class=\"elementor-section elementor-inner-section elementor-element elementor-element-9d0ed28 elementor-section-boxed elementor-section-height-default elementor-section-height-default\" data-id=\"9d0ed28\" data-element_type=\"section\" data-e-type=\"section\">\n\t\t\t\t\t\t<div class=\"elementor-container elementor-column-gap-default\">\n\t\t\t\t\t<div class=\"elementor-column elementor-col-100 elementor-inner-column elementor-element elementor-element-2a39b69\" data-id=\"2a39b69\" data-element_type=\"column\" data-e-type=\"column\">\n\t\t\t<div class=\"elementor-widget-wrap elementor-element-populated\">\n\t\t\t\t\t\t<div class=\"elementor-element elementor-element-6bb7116 elementor-widget elementor-widget-text-editor\" data-id=\"6bb7116\" data-element_type=\"widget\" data-e-type=\"widget\" data-widget_type=\"text-editor.default\">\n\t\t\t\t<div class=\"elementor-widget-container\">\n\t\t\t\t\t\t\t\t\t<h2>BOKI Systems s.r.o.<\/h2>\t\t\t\t\t\t\t\t<\/div>\n\t\t\t\t<\/div>\n\t\t\t\t\t<\/div>\n\t\t<\/div>\n\t\t\t\t\t<\/div>\n\t\t<\/section>\n\t\t\t\t<section class=\"elementor-section elementor-inner-section elementor-element elementor-element-5c975e1 elementor-section-boxed elementor-section-height-default elementor-section-height-default\" data-id=\"5c975e1\" data-element_type=\"section\" data-e-type=\"section\">\n\t\t\t\t\t\t<div class=\"elementor-container elementor-column-gap-default\">\n\t\t\t\t\t<div class=\"elementor-column elementor-col-100 elementor-inner-column elementor-element elementor-element-44345f8\" data-id=\"44345f8\" data-element_type=\"column\" data-e-type=\"column\">\n\t\t\t<div class=\"elementor-widget-wrap elementor-element-populated\">\n\t\t\t\t\t\t<div class=\"elementor-element elementor-element-db30a6e elementor-widget elementor-widget-text-editor\" data-id=\"db30a6e\" data-element_type=\"widget\" data-e-type=\"widget\" data-widget_type=\"text-editor.default\">\n\t\t\t\t<div class=\"elementor-widget-container\">\n\t\t\t\t\t\t\t\t\t<h5><span class=\"ContentPasted8\"><b>I\u010cO: 64086801<\/b><\/span><\/h5>\t\t\t\t\t\t\t\t<\/div>\n\t\t\t\t<\/div>\n\t\t\t\t\t<\/div>\n\t\t<\/div>\n\t\t\t\t\t<\/div>\n\t\t<\/section>\n\t\t\t\t<div class=\"elementor-element elementor-element-a3fc9fc elementor-widget-divider--view-line elementor-widget elementor-widget-divider\" data-id=\"a3fc9fc\" data-element_type=\"widget\" data-e-type=\"widget\" data-widget_type=\"divider.default\">\n\t\t\t\t<div class=\"elementor-widget-container\">\n\t\t\t\t\t\t\t<div class=\"elementor-divider\">\n\t\t\t<span class=\"elementor-divider-separator\">\n\t\t\t\t\t\t<\/span>\n\t\t<\/div>\n\t\t\t\t\t\t<\/div>\n\t\t\t\t<\/div>\n\t\t\t\t\t<\/div>\n\t\t<\/div>\n\t\t\t\t\t<\/div>\n\t\t<\/section>\n\t\t\t\t<\/div>\n\t\t","protected":false},"excerpt":{"rendered":"<p>BOKI TRADE spol. s r.o. I\u010cO: 45792623 BOKI Energy s.r.o. I\u010cO: 26111799 info@bokigroup.eu Mosteck\u00e1 47\/16 Mal\u00e1 Strana 118 00 Praha 1 BOKI Systems s.r.o. I\u010cO: 64086801<\/p>\n","protected":false},"author":1,"featured_media":0,"parent":0,"menu_order":0,"comment_status":"closed","ping_status":"closed","template":"","meta":{"footnotes":""},"class_list":["post-7","page","type-page","status-publish","hentry"],"_links":{"self":[{"href":"https:\/\/www.bokigroup.eu\/index.php?rest_route=\/wp\/v2\/pages\/7","targetHints":{"allow":["GET"]}}],"collection":[{"href":"https:\/\/www.bokigroup.eu\/index.php?rest_route=\/wp\/v2\/pages"}],"about":[{"href":"https:\/\/www.bokigroup.eu\/index.php?rest_route=\/wp\/v2\/types\/page"}],"author":[{"embeddable":true,"href":"https:\/\/www.bokigroup.eu\/index.php?rest_route=\/wp\/v2\/users\/1"}],"replies":[{"embeddable":true,"href":"https:\/\/www.bokigroup.eu\/index.php?rest_route=%2Fwp%2Fv2%2Fcomments&post=7"}],"version-history":[{"count":53,"href":"https:\/\/www.bokigroup.eu\/index.php?rest_route=\/wp\/v2\/pages\/7\/revisions"}],"predecessor-version":[{"id":102,"href":"https:\/\/www.bokigroup.eu\/index.php?rest_route=\/wp\/v2\/pages\/7\/revisions\/102"}],"wp:attachment":[{"href":"https:\/\/www.bokigroup.eu\/index.php?rest_route=%2Fwp%2Fv2%2Fmedia&parent=7"}],"curies":[{"name":"wp","href":"https:\/\/api.w.org\/{rel}","templated":true}]}}